{"id":1581,"date":"2022-07-26T14:53:33","date_gmt":"2022-07-26T12:53:33","guid":{"rendered":"https:\/\/wunderplug.eu\/produit\/obturateur-wunderplug-wbp1-de-100-a-200-mm\/"},"modified":"2022-07-26T14:53:33","modified_gmt":"2022-07-26T12:53:33","slug":"obturateur-wunderplug-wbp1-de-100-a-200-mm-2","status":"publish","type":"product","link":"https:\/\/wunderplug.eu\/it\/produit\/obturateur-wunderplug-wbp1-de-100-a-200-mm-2\/","title":{"rendered":"Obturateur Wunderplug WBP1 de 100 \u00e0 200 mm"},"content":{"rendered":"","protected":false},"excerpt":{"rendered":"<p>Cet obturateur de la gamme WBP1 de WUNDERPLUG permet l\u2019obturation de tuyaux de dimension allant de 100 \u00e0 200 mm avec une contre-pression de maximum 1 bar.<br \/>\nLe diam\u00e8tre d&#8217;insertion est de 88 mm, la longueur est de 500 mm, le poids de 1,8 kg et le By-pass de 1\u201d. Il est \u00e9quip\u00e9 d\u2019un coupleur laiton de type europ\u00e9en de de 7,5 mm et de crochets de maintien.<br \/>\nLa pression de gonflage est test\u00e9e jusqu\u2019\u00e0 3 fois la pression indiqu\u00e9e assurant s\u00e9curit\u00e9 et durabilit\u00e9.<br \/>\nLa gamme d\u2019obturateurs WBP1 de WUNDERPLUG est \u00e9galement, sur demande, disponible en caoutchoucs NBR ou EPDM.<\/p>\n","protected":false},"featured_media":709,"template":"","meta":{"_acf_changed":false,"_et_pb_use_builder":"","_et_pb_old_content":"","_et_gb_content_width":""},"product_brand":[],"product_cat":[75],"product_tag":[],"class_list":{"0":"post-1581","1":"product","2":"type-product","3":"status-publish","4":"has-post-thumbnail","6":"product_cat-wbp1-it","8":"first","9":"instock","10":"taxable","11":"shipping-taxable","12":"purchasable","13":"product-type-simple"},"acf":[],"yoast_head":"<!-- This site is optimized with the Yoast SEO plugin v27.3 - https:\/\/yoast.com\/product\/yoast-seo-wordpress\/ -->\n<title>Obturateur Wunderplug WBP1 de 100 \u00e0 200 mm - Ezeseal<\/title>\n<meta name=\"description\" content=\"Obturateur Wunderplug WBP1 de 100 \u00e0 200 mm\" \/>\n<meta name=\"robots\" content=\"index, follow, max-snippet:-1, max-image-preview:large, max-video-preview:-1\" \/>\n<link rel=\"canonical\" href=\"https:\/\/wunderplug.eu\/it\/produit\/obturateur-wunderplug-wbp1-de-100-a-200-mm-2\/\" \/>\n<meta property=\"og:locale\" content=\"it_IT\" \/>\n<meta property=\"og:type\" content=\"article\" \/>\n<meta property=\"og:title\" content=\"Obturateur Wunderplug WBP1 de 100 \u00e0 200 mm - Ezeseal\" \/>\n<meta property=\"og:description\" content=\"Obturateur Wunderplug WBP1 de 100 \u00e0 200 mm\" \/>\n<meta property=\"og:url\" content=\"https:\/\/wunderplug.eu\/it\/produit\/obturateur-wunderplug-wbp1-de-100-a-200-mm-2\/\" \/>\n<meta property=\"og:site_name\" content=\"Ezeseal\" \/>\n<meta property=\"og:image\" content=\"https:\/\/wunderplug.eu\/wp-content\/uploads\/2022\/07\/ws1-wbp1-ws2-wbp2-whp.jpg\" \/>\n\t<meta property=\"og:image:width\" content=\"1067\" \/>\n\t<meta property=\"og:image:height\" content=\"800\" \/>\n\t<meta property=\"og:image:type\" content=\"image\/jpeg\" \/>\n<meta name=\"twitter:card\" content=\"summary_large_image\" \/>\n<script type=\"application\/ld+json\" class=\"yoast-schema-graph\">{\"@context\":\"https:\\\/\\\/schema.org\",\"@graph\":[{\"@type\":\"WebPage\",\"@id\":\"https:\\\/\\\/wunderplug.eu\\\/it\\\/produit\\\/obturateur-wunderplug-wbp1-de-100-a-200-mm-2\\\/\",\"url\":\"https:\\\/\\\/wunderplug.eu\\\/it\\\/produit\\\/obturateur-wunderplug-wbp1-de-100-a-200-mm-2\\\/\",\"name\":\"Obturateur Wunderplug WBP1 de 100 \u00e0 200 mm - Ezeseal\",\"isPartOf\":{\"@id\":\"https:\\\/\\\/wunderplug.eu\\\/it\\\/#website\"},\"primaryImageOfPage\":{\"@id\":\"https:\\\/\\\/wunderplug.eu\\\/it\\\/produit\\\/obturateur-wunderplug-wbp1-de-100-a-200-mm-2\\\/#primaryimage\"},\"image\":{\"@id\":\"https:\\\/\\\/wunderplug.eu\\\/it\\\/produit\\\/obturateur-wunderplug-wbp1-de-100-a-200-mm-2\\\/#primaryimage\"},\"thumbnailUrl\":\"https:\\\/\\\/wunderplug.eu\\\/wp-content\\\/uploads\\\/2022\\\/07\\\/ws1-wbp1-ws2-wbp2-whp.jpg\",\"datePublished\":\"2022-07-26T12:53:33+00:00\",\"description\":\"Obturateur Wunderplug WBP1 de 100 \u00e0 200 mm\",\"breadcrumb\":{\"@id\":\"https:\\\/\\\/wunderplug.eu\\\/it\\\/produit\\\/obturateur-wunderplug-wbp1-de-100-a-200-mm-2\\\/#breadcrumb\"},\"inLanguage\":\"it-IT\",\"potentialAction\":[{\"@type\":\"ReadAction\",\"target\":[\"https:\\\/\\\/wunderplug.eu\\\/it\\\/produit\\\/obturateur-wunderplug-wbp1-de-100-a-200-mm-2\\\/\"]}]},{\"@type\":\"ImageObject\",\"inLanguage\":\"it-IT\",\"@id\":\"https:\\\/\\\/wunderplug.eu\\\/it\\\/produit\\\/obturateur-wunderplug-wbp1-de-100-a-200-mm-2\\\/#primaryimage\",\"url\":\"https:\\\/\\\/wunderplug.eu\\\/wp-content\\\/uploads\\\/2022\\\/07\\\/ws1-wbp1-ws2-wbp2-whp.jpg\",\"contentUrl\":\"https:\\\/\\\/wunderplug.eu\\\/wp-content\\\/uploads\\\/2022\\\/07\\\/ws1-wbp1-ws2-wbp2-whp.jpg\",\"width\":1067,\"height\":800,\"caption\":\"Obturateur WBP1\\\/WBP2\\\/WHP\\\/WS1\\\/WS2\"},{\"@type\":\"BreadcrumbList\",\"@id\":\"https:\\\/\\\/wunderplug.eu\\\/it\\\/produit\\\/obturateur-wunderplug-wbp1-de-100-a-200-mm-2\\\/#breadcrumb\",\"itemListElement\":[{\"@type\":\"ListItem\",\"position\":1,\"name\":\"Accueil\",\"item\":\"https:\\\/\\\/wunderplug.eu\\\/it\\\/?page_id=458\"},{\"@type\":\"ListItem\",\"position\":2,\"name\":\"Shop\",\"item\":\"https:\\\/\\\/wunderplug.eu\\\/it\\\/shop\\\/\"},{\"@type\":\"ListItem\",\"position\":3,\"name\":\"Otturatori per tubi\",\"item\":\"https:\\\/\\\/wunderplug.eu\\\/it\\\/categorie\\\/otturatori\\\/\"},{\"@type\":\"ListItem\",\"position\":4,\"name\":\"WBP1\",\"item\":\"https:\\\/\\\/wunderplug.eu\\\/it\\\/categorie\\\/otturatori\\\/wbp1-it\\\/\"},{\"@type\":\"ListItem\",\"position\":5,\"name\":\"Obturateur Wunderplug WBP1 de 100 \u00e0 200 mm\"}]},{\"@type\":\"WebSite\",\"@id\":\"https:\\\/\\\/wunderplug.eu\\\/it\\\/#website\",\"url\":\"https:\\\/\\\/wunderplug.eu\\\/it\\\/\",\"name\":\"Ezeseal\",\"description\":\"\",\"publisher\":{\"@id\":\"https:\\\/\\\/wunderplug.eu\\\/it\\\/#organization\"},\"potentialAction\":[{\"@type\":\"SearchAction\",\"target\":{\"@type\":\"EntryPoint\",\"urlTemplate\":\"https:\\\/\\\/wunderplug.eu\\\/it\\\/?s={search_term_string}\"},\"query-input\":{\"@type\":\"PropertyValueSpecification\",\"valueRequired\":true,\"valueName\":\"search_term_string\"}}],\"inLanguage\":\"it-IT\"},{\"@type\":\"Organization\",\"@id\":\"https:\\\/\\\/wunderplug.eu\\\/it\\\/#organization\",\"name\":\"Boutik\",\"url\":\"https:\\\/\\\/wunderplug.eu\\\/it\\\/\",\"logo\":{\"@type\":\"ImageObject\",\"inLanguage\":\"it-IT\",\"@id\":\"https:\\\/\\\/wunderplug.eu\\\/it\\\/#\\\/schema\\\/logo\\\/image\\\/\",\"url\":\"https:\\\/\\\/wunderplug.eu\\\/wp-content\\\/uploads\\\/2022\\\/05\\\/icone.png\",\"contentUrl\":\"https:\\\/\\\/wunderplug.eu\\\/wp-content\\\/uploads\\\/2022\\\/05\\\/icone.png\",\"width\":512,\"height\":512,\"caption\":\"Boutik\"},\"image\":{\"@id\":\"https:\\\/\\\/wunderplug.eu\\\/it\\\/#\\\/schema\\\/logo\\\/image\\\/\"}}]}<\/script>\n<!-- \/ Yoast SEO plugin. -->","yoast_head_json":{"title":"Obturateur Wunderplug WBP1 de 100 \u00e0 200 mm - Ezeseal","description":"Obturateur Wunderplug WBP1 de 100 \u00e0 200 mm","robots":{"index":"index","follow":"follow","max-snippet":"max-snippet:-1","max-image-preview":"max-image-preview:large","max-video-preview":"max-video-preview:-1"},"canonical":"https:\/\/wunderplug.eu\/it\/produit\/obturateur-wunderplug-wbp1-de-100-a-200-mm-2\/","og_locale":"it_IT","og_type":"article","og_title":"Obturateur Wunderplug WBP1 de 100 \u00e0 200 mm - Ezeseal","og_description":"Obturateur Wunderplug WBP1 de 100 \u00e0 200 mm","og_url":"https:\/\/wunderplug.eu\/it\/produit\/obturateur-wunderplug-wbp1-de-100-a-200-mm-2\/","og_site_name":"Ezeseal","og_image":[{"width":1067,"height":800,"url":"https:\/\/wunderplug.eu\/wp-content\/uploads\/2022\/07\/ws1-wbp1-ws2-wbp2-whp.jpg","type":"image\/jpeg"}],"twitter_card":"summary_large_image","schema":{"@context":"https:\/\/schema.org","@graph":[{"@type":"WebPage","@id":"https:\/\/wunderplug.eu\/it\/produit\/obturateur-wunderplug-wbp1-de-100-a-200-mm-2\/","url":"https:\/\/wunderplug.eu\/it\/produit\/obturateur-wunderplug-wbp1-de-100-a-200-mm-2\/","name":"Obturateur Wunderplug WBP1 de 100 \u00e0 200 mm - Ezeseal","isPartOf":{"@id":"https:\/\/wunderplug.eu\/it\/#website"},"primaryImageOfPage":{"@id":"https:\/\/wunderplug.eu\/it\/produit\/obturateur-wunderplug-wbp1-de-100-a-200-mm-2\/#primaryimage"},"image":{"@id":"https:\/\/wunderplug.eu\/it\/produit\/obturateur-wunderplug-wbp1-de-100-a-200-mm-2\/#primaryimage"},"thumbnailUrl":"https:\/\/wunderplug.eu\/wp-content\/uploads\/2022\/07\/ws1-wbp1-ws2-wbp2-whp.jpg","datePublished":"2022-07-26T12:53:33+00:00","description":"Obturateur Wunderplug WBP1 de 100 \u00e0 200 mm","breadcrumb":{"@id":"https:\/\/wunderplug.eu\/it\/produit\/obturateur-wunderplug-wbp1-de-100-a-200-mm-2\/#breadcrumb"},"inLanguage":"it-IT","potentialAction":[{"@type":"ReadAction","target":["https:\/\/wunderplug.eu\/it\/produit\/obturateur-wunderplug-wbp1-de-100-a-200-mm-2\/"]}]},{"@type":"ImageObject","inLanguage":"it-IT","@id":"https:\/\/wunderplug.eu\/it\/produit\/obturateur-wunderplug-wbp1-de-100-a-200-mm-2\/#primaryimage","url":"https:\/\/wunderplug.eu\/wp-content\/uploads\/2022\/07\/ws1-wbp1-ws2-wbp2-whp.jpg","contentUrl":"https:\/\/wunderplug.eu\/wp-content\/uploads\/2022\/07\/ws1-wbp1-ws2-wbp2-whp.jpg","width":1067,"height":800,"caption":"Obturateur WBP1\/WBP2\/WHP\/WS1\/WS2"},{"@type":"BreadcrumbList","@id":"https:\/\/wunderplug.eu\/it\/produit\/obturateur-wunderplug-wbp1-de-100-a-200-mm-2\/#breadcrumb","itemListElement":[{"@type":"ListItem","position":1,"name":"Accueil","item":"https:\/\/wunderplug.eu\/it\/?page_id=458"},{"@type":"ListItem","position":2,"name":"Shop","item":"https:\/\/wunderplug.eu\/it\/shop\/"},{"@type":"ListItem","position":3,"name":"Otturatori per tubi","item":"https:\/\/wunderplug.eu\/it\/categorie\/otturatori\/"},{"@type":"ListItem","position":4,"name":"WBP1","item":"https:\/\/wunderplug.eu\/it\/categorie\/otturatori\/wbp1-it\/"},{"@type":"ListItem","position":5,"name":"Obturateur Wunderplug WBP1 de 100 \u00e0 200 mm"}]},{"@type":"WebSite","@id":"https:\/\/wunderplug.eu\/it\/#website","url":"https:\/\/wunderplug.eu\/it\/","name":"Ezeseal","description":"","publisher":{"@id":"https:\/\/wunderplug.eu\/it\/#organization"},"potentialAction":[{"@type":"SearchAction","target":{"@type":"EntryPoint","urlTemplate":"https:\/\/wunderplug.eu\/it\/?s={search_term_string}"},"query-input":{"@type":"PropertyValueSpecification","valueRequired":true,"valueName":"search_term_string"}}],"inLanguage":"it-IT"},{"@type":"Organization","@id":"https:\/\/wunderplug.eu\/it\/#organization","name":"Boutik","url":"https:\/\/wunderplug.eu\/it\/","logo":{"@type":"ImageObject","inLanguage":"it-IT","@id":"https:\/\/wunderplug.eu\/it\/#\/schema\/logo\/image\/","url":"https:\/\/wunderplug.eu\/wp-content\/uploads\/2022\/05\/icone.png","contentUrl":"https:\/\/wunderplug.eu\/wp-content\/uploads\/2022\/05\/icone.png","width":512,"height":512,"caption":"Boutik"},"image":{"@id":"https:\/\/wunderplug.eu\/it\/#\/schema\/logo\/image\/"}}]}},"_links":{"self":[{"href":"https:\/\/wunderplug.eu\/it\/wp-json\/wp\/v2\/product\/1581","targetHints":{"allow":["GET"]}}],"collection":[{"href":"https:\/\/wunderplug.eu\/it\/wp-json\/wp\/v2\/product"}],"about":[{"href":"https:\/\/wunderplug.eu\/it\/wp-json\/wp\/v2\/types\/product"}],"wp:featuredmedia":[{"embeddable":true,"href":"https:\/\/wunderplug.eu\/it\/wp-json\/wp\/v2\/media\/709"}],"wp:attachment":[{"href":"https:\/\/wunderplug.eu\/it\/wp-json\/wp\/v2\/media?parent=1581"}],"wp:term":[{"taxonomy":"product_brand","embeddable":true,"href":"https:\/\/wunderplug.eu\/it\/wp-json\/wp\/v2\/product_brand?post=1581"},{"taxonomy":"product_cat","embeddable":true,"href":"https:\/\/wunderplug.eu\/it\/wp-json\/wp\/v2\/product_cat?post=1581"},{"taxonomy":"product_tag","embeddable":true,"href":"https:\/\/wunderplug.eu\/it\/wp-json\/wp\/v2\/product_tag?post=1581"}],"curies":[{"name":"wp","href":"https:\/\/api.w.org\/{rel}","templated":true}]}}